{"id":242,"date":"2024-08-13T17:18:38","date_gmt":"2024-08-13T17:18:38","guid":{"rendered":"https:\/\/innoclub.test\/?page_id=242"},"modified":"2024-12-15T15:57:13","modified_gmt":"2024-12-15T15:57:13","slug":"impressum","status":"publish","type":"page","link":"https:\/\/innoclub.net\/en\/impressum\/","title":{"rendered":"Imprint"},"content":{"rendered":"<section class=\"wp-block-group is-layout-constrained wp-block-group-is-layout-constrained\">\n<h1 class=\"wp-block-heading\">Imprint<\/h1>\n\n\n\n<p class=\"p1\"><strong>1:<\/strong><br><i>Der &#8220;innoclub&#8221; ist ein Projekt der Industrie- und Handelskammer zu Dortmund, das von mehreren lokalen F\u00f6rderern unterst\u00fctzt wird, um die Innovationskraft in Dortmund und dem Westf\u00e4lischen Ruhrgebiet zu st\u00e4rken. Im innoclub treffen etablierte Unternehmen auf eine kuratierte Auswahl exzellenter Start-ups, um sich gegenseitig zu inspirieren und Erfahrungen, Wissen, F\u00e4higkeiten und Ressourcen miteinander zu teilen. Zu den lokalen F\u00f6rderern dieses Projekts geh\u00f6ren die Fachhochschule Dortmund, Wirtschaftsf\u00f6rderung Dortmund, Technische Universit\u00e4t Dortmund und International School of Management.&nbsp;<\/i><\/p>\n\n\n\n<p class=\"p1\"><strong>2:<br><\/strong> Die Webseite wird betrieben von der TU Dortmund.<\/p>\n\n\n\n<p>Technische Universit\u00e4t Dortmund<br>August-Schmidt-Stra\u00dfe 4<br>44227 Dortmund<\/p>\n\n\n\n<p>Telefon: 0231\/755-1<\/p>\n\n\n\n<p><a class=\"email\" href=\"mailto:presse@tu-dortmund.de\"><strong>E-Mail senden<\/strong><\/a><\/p>\n\n\n\n<p>Die Technische Universit\u00e4t (TU) Dortmund ist gem. \u00a7 2 Abs. 1 Satz 1 i.V.m. \u00a7 1 Abs. 2 Satz 1 Nr. 5 des Gesetzes \u00fcber die Hochschulen des Landes Nordrhein-Westfalen (HG NRW) eine vom Land Nordrhein-Westfalen getragene, rechtsf\u00e4hige K\u00f6rperschaft des \u00f6ffentlichen Rechts. Sie wird vertreten durch den Rektor Prof. Dr. Manfred Bayer.<\/p>\n\n\n\n<p>Die TU Dortmund nimmt ihre Aufgaben gem. \u00a7 76 Abs. 1 Satz 1 HG NRW unter der Rechtsaufsicht des Ministeriums f\u00fcr Kultur und Wissenschaft des Landes Nordrhein-Westfalen <a href=\"https:\/\/www.mkw.nrw\" target=\"_blank\" rel=\"noopener\">Link<\/a>, V\u00f6lklinger Stra\u00dfe 49, 40221 D\u00fcsseldorf wahr.<\/p>\n\n\n\n<p>Umsatzsteuer-Identifikationsnummer gem. \u00a7 27a Umsatzsteuergesetz (UStG): DE 811 258 273<\/p>\n\n\n\n<p>Vorbehalt nach \u00a7 44b Abs. 3 UrhG<br>Die Nutzung und Vervielf\u00e4ltigung eines in unserem Online-Angebot enthaltenen Werkes aus der GEMA-Datenbank f\u00fcr das Text und Data Mining und damit insbesondere f\u00fcr das Training einer k\u00fcnstlichen Intelligenz bleibt gem\u00e4\u00df \u00a7 44b UrhG ausdr\u00fccklich vorbehalten. F\u00fcr&nbsp;eine beabsichtigte Nutzung zu Zwecken des Text und Data Mining ist der Kontakt mit der GEMA, M\u00fcnchen, aufzunehmen.<\/p>\n\n\n\n<p><strong>Redaktionell verantwortlich gem\u00e4\u00df \u00a7 18 Abs. 2 des Medienstaatsvertrages (MStV):<\/strong><\/p>\n<\/section>","protected":false},"excerpt":{"rendered":"<p>Impressum 1:Der &#8220;innoclub&#8221; ist ein Projekt der Industrie- und Handelskammer zu Dortmund, das von mehreren lokalen F\u00f6rderern unterst\u00fctzt wird, um die Innovationskraft in Dortmund und dem Westf\u00e4lischen Ruhrgebiet zu st\u00e4rken. Im innoclub treffen etablierte Unternehmen auf eine kuratierte Auswahl exzellenter Start-ups, um sich gegenseitig zu inspirieren und Erfahrungen, Wissen, F\u00e4higkeiten und Ressourcen miteinander zu teilen. [&hellip;]<\/p>","protected":false},"author":1,"featured_media":0,"parent":0,"menu_order":0,"comment_status":"closed","ping_status":"closed","template":"","meta":{"_acf_changed":false,"footnotes":""},"class_list":["post-242","page","type-page","status-publish","hentry"],"acf":[],"yoast_head":"<!-- This site is optimized with the Yoast SEO plugin v26.6 - https:\/\/yoast.com\/wordpress\/plugins\/seo\/ -->\n<title>Impressum - innoclub<\/title>\n<meta name=\"robots\" content=\"index, follow, max-snippet:-1, max-image-preview:large, max-video-preview:-1\" \/>\n<link rel=\"canonical\" href=\"https:\/\/innoclub.net\/en\/impressum\/\" \/>\n<meta property=\"og:locale\" content=\"en_US\" \/>\n<meta property=\"og:type\" content=\"article\" \/>\n<meta property=\"og:title\" content=\"Impressum - innoclub\" \/>\n<meta property=\"og:description\" content=\"Impressum 1:Der &#8220;innoclub&#8221; ist ein Projekt der Industrie- und Handelskammer zu Dortmund, das von mehreren lokalen F\u00f6rderern unterst\u00fctzt wird, um die Innovationskraft in Dortmund und dem Westf\u00e4lischen Ruhrgebiet zu st\u00e4rken. Im innoclub treffen etablierte Unternehmen auf eine kuratierte Auswahl exzellenter Start-ups, um sich gegenseitig zu inspirieren und Erfahrungen, Wissen, F\u00e4higkeiten und Ressourcen miteinander zu teilen. [&hellip;]\" \/>\n<meta property=\"og:url\" content=\"https:\/\/innoclub.net\/en\/impressum\/\" \/>\n<meta property=\"og:site_name\" content=\"innoclub\" \/>\n<meta property=\"article:modified_time\" content=\"2024-12-15T15:57:13+00:00\" \/>\n<meta property=\"og:image\" content=\"https:\/\/innoclub.net\/wp-content\/uploads\/2024\/08\/innoclub_logo-e1738850897852.png\" \/>\n\t<meta property=\"og:image:width\" content=\"300\" \/>\n\t<meta property=\"og:image:height\" content=\"170\" \/>\n\t<meta property=\"og:image:type\" content=\"image\/png\" \/>\n<meta name=\"twitter:card\" content=\"summary_large_image\" \/>\n<meta name=\"twitter:label1\" content=\"Est. reading time\" \/>\n\t<meta name=\"twitter:data1\" content=\"2 minutes\" \/>\n<script type=\"application\/ld+json\" class=\"yoast-schema-graph\">{\"@context\":\"https:\/\/schema.org\",\"@graph\":[{\"@type\":\"WebPage\",\"@id\":\"https:\/\/innoclub.net\/impressum\/\",\"url\":\"https:\/\/innoclub.net\/impressum\/\",\"name\":\"Impressum - innoclub\",\"isPartOf\":{\"@id\":\"https:\/\/innoclub.net\/#website\"},\"datePublished\":\"2024-08-13T17:18:38+00:00\",\"dateModified\":\"2024-12-15T15:57:13+00:00\",\"breadcrumb\":{\"@id\":\"https:\/\/innoclub.net\/impressum\/#breadcrumb\"},\"inLanguage\":\"en-US\",\"potentialAction\":[{\"@type\":\"ReadAction\",\"target\":[\"https:\/\/innoclub.net\/impressum\/\"]}]},{\"@type\":\"BreadcrumbList\",\"@id\":\"https:\/\/innoclub.net\/impressum\/#breadcrumb\",\"itemListElement\":[{\"@type\":\"ListItem\",\"position\":1,\"name\":\"Startseite\",\"item\":\"https:\/\/innoclub.net\/\"},{\"@type\":\"ListItem\",\"position\":2,\"name\":\"Impressum\"}]},{\"@type\":\"WebSite\",\"@id\":\"https:\/\/innoclub.net\/#website\",\"url\":\"https:\/\/innoclub.net\/\",\"name\":\"innoclub\",\"description\":\"Wir sind Matchmaker, Wegbereiter, Accelerator, Innovationstreiber. Wir sind dein innoclub!\",\"publisher\":{\"@id\":\"https:\/\/innoclub.net\/#organization\"},\"alternateName\":\"welcome to the club.\",\"potentialAction\":[{\"@type\":\"SearchAction\",\"target\":{\"@type\":\"EntryPoint\",\"urlTemplate\":\"https:\/\/innoclub.net\/?s={search_term_string}\"},\"query-input\":{\"@type\":\"PropertyValueSpecification\",\"valueRequired\":true,\"valueName\":\"search_term_string\"}}],\"inLanguage\":\"en-US\"},{\"@type\":\"Organization\",\"@id\":\"https:\/\/innoclub.net\/#organization\",\"name\":\"innoclub\",\"url\":\"https:\/\/innoclub.net\/\",\"logo\":{\"@type\":\"ImageObject\",\"inLanguage\":\"en-US\",\"@id\":\"https:\/\/innoclub.net\/#\/schema\/logo\/image\/\",\"url\":\"https:\/\/innoclub.net\/wp-content\/uploads\/2024\/08\/innoclub_logo.png\",\"contentUrl\":\"https:\/\/innoclub.net\/wp-content\/uploads\/2024\/08\/innoclub_logo.png\",\"width\":2814,\"height\":1599,\"caption\":\"innoclub\"},\"image\":{\"@id\":\"https:\/\/innoclub.net\/#\/schema\/logo\/image\/\"},\"sameAs\":[\"https:\/\/www.linkedin.com\/company\/welcome-to-innoclub\"]}]}<\/script>\n<!-- \/ Yoast SEO plugin. -->","yoast_head_json":{"title":"Impressum - innoclub","robots":{"index":"index","follow":"follow","max-snippet":"max-snippet:-1","max-image-preview":"max-image-preview:large","max-video-preview":"max-video-preview:-1"},"canonical":"https:\/\/innoclub.net\/en\/impressum\/","og_locale":"en_US","og_type":"article","og_title":"Impressum - innoclub","og_description":"Impressum 1:Der &#8220;innoclub&#8221; ist ein Projekt der Industrie- und Handelskammer zu Dortmund, das von mehreren lokalen F\u00f6rderern unterst\u00fctzt wird, um die Innovationskraft in Dortmund und dem Westf\u00e4lischen Ruhrgebiet zu st\u00e4rken. Im innoclub treffen etablierte Unternehmen auf eine kuratierte Auswahl exzellenter Start-ups, um sich gegenseitig zu inspirieren und Erfahrungen, Wissen, F\u00e4higkeiten und Ressourcen miteinander zu teilen. [&hellip;]","og_url":"https:\/\/innoclub.net\/en\/impressum\/","og_site_name":"innoclub","article_modified_time":"2024-12-15T15:57:13+00:00","og_image":[{"width":300,"height":170,"url":"https:\/\/innoclub.net\/wp-content\/uploads\/2024\/08\/innoclub_logo-e1738850897852.png","type":"image\/png"}],"twitter_card":"summary_large_image","twitter_misc":{"Est. reading time":"2 minutes"},"schema":{"@context":"https:\/\/schema.org","@graph":[{"@type":"WebPage","@id":"https:\/\/innoclub.net\/impressum\/","url":"https:\/\/innoclub.net\/impressum\/","name":"Impressum - innoclub","isPartOf":{"@id":"https:\/\/innoclub.net\/#website"},"datePublished":"2024-08-13T17:18:38+00:00","dateModified":"2024-12-15T15:57:13+00:00","breadcrumb":{"@id":"https:\/\/innoclub.net\/impressum\/#breadcrumb"},"inLanguage":"en-US","potentialAction":[{"@type":"ReadAction","target":["https:\/\/innoclub.net\/impressum\/"]}]},{"@type":"BreadcrumbList","@id":"https:\/\/innoclub.net\/impressum\/#breadcrumb","itemListElement":[{"@type":"ListItem","position":1,"name":"Startseite","item":"https:\/\/innoclub.net\/"},{"@type":"ListItem","position":2,"name":"Impressum"}]},{"@type":"WebSite","@id":"https:\/\/innoclub.net\/#website","url":"https:\/\/innoclub.net\/","name":"innoclub","description":"Wir sind Matchmaker, Wegbereiter, Accelerator, Innovationstreiber. Wir sind dein innoclub!","publisher":{"@id":"https:\/\/innoclub.net\/#organization"},"alternateName":"welcome to the club.","potentialAction":[{"@type":"SearchAction","target":{"@type":"EntryPoint","urlTemplate":"https:\/\/innoclub.net\/?s={search_term_string}"},"query-input":{"@type":"PropertyValueSpecification","valueRequired":true,"valueName":"search_term_string"}}],"inLanguage":"en-US"},{"@type":"Organization","@id":"https:\/\/innoclub.net\/#organization","name":"innoclub","url":"https:\/\/innoclub.net\/","logo":{"@type":"ImageObject","inLanguage":"en-US","@id":"https:\/\/innoclub.net\/#\/schema\/logo\/image\/","url":"https:\/\/innoclub.net\/wp-content\/uploads\/2024\/08\/innoclub_logo.png","contentUrl":"https:\/\/innoclub.net\/wp-content\/uploads\/2024\/08\/innoclub_logo.png","width":2814,"height":1599,"caption":"innoclub"},"image":{"@id":"https:\/\/innoclub.net\/#\/schema\/logo\/image\/"},"sameAs":["https:\/\/www.linkedin.com\/company\/welcome-to-innoclub"]}]}},"_links":{"self":[{"href":"https:\/\/innoclub.net\/en\/wp-json\/wp\/v2\/pages\/242","targetHints":{"allow":["GET"]}}],"collection":[{"href":"https:\/\/innoclub.net\/en\/wp-json\/wp\/v2\/pages"}],"about":[{"href":"https:\/\/innoclub.net\/en\/wp-json\/wp\/v2\/types\/page"}],"author":[{"embeddable":true,"href":"https:\/\/innoclub.net\/en\/wp-json\/wp\/v2\/users\/1"}],"replies":[{"embeddable":true,"href":"https:\/\/innoclub.net\/en\/wp-json\/wp\/v2\/comments?post=242"}],"version-history":[{"count":5,"href":"https:\/\/innoclub.net\/en\/wp-json\/wp\/v2\/pages\/242\/revisions"}],"predecessor-version":[{"id":552,"href":"https:\/\/innoclub.net\/en\/wp-json\/wp\/v2\/pages\/242\/revisions\/552"}],"wp:attachment":[{"href":"https:\/\/innoclub.net\/en\/wp-json\/wp\/v2\/media?parent=242"}],"curies":[{"name":"wp","href":"https:\/\/api.w.org\/{rel}","templated":true}]}}